{"id":523,"date":"2016-07-02T20:22:26","date_gmt":"2016-07-02T19:22:26","guid":{"rendered":"http:\/\/walfroy.fr\/peinture\/?page_id=523"},"modified":"2016-07-02T20:25:29","modified_gmt":"2016-07-02T19:25:29","slug":"sur-la-toile","status":"publish","type":"page","link":"https:\/\/walfroy.fr\/peinture\/?page_id=523","title":{"rendered":"Sur la toile"},"content":{"rendered":"<p>Retrouvez les tableaux de Walfroy sur les galeries en lignes suivantes :<\/p>\n<ul>\n<li><a href=\"http:\/\/www.artmajeur.com\/fr\/art-gallery\/gallery\/walfroy\/1652998\" target=\"_blank\">Artmajeur<\/a><\/li>\n<li><a href=\"http:\/\/www.galerie-com.com\/artiste\/walfroy\/22765\/\" target=\"_blank\">WeoneArt<\/a><\/li>\n<\/ul>\n<p>N&rsquo;h\u00e9sitez pas \u00e0 cliquer sur j&rsquo;aime, coup de c\u0153ur, coup de technique et \u00e0 apporter vos commentaires sur ces sites&#8230;<\/p>\n","protected":false},"excerpt":{"rendered":"<p>Retrouvez les tableaux de Walfroy sur les galeries en lignes suivantes : Artmajeur WeoneArt N&rsquo;h\u00e9sitez pas \u00e0 cliquer sur j&rsquo;aime, coup de c\u0153ur, coup de technique et \u00e0 apporter vos commentaires sur ces sites&#8230;<\/p>\n","protected":false},"author":1,"featured_media":0,"parent":0,"menu_order":0,"comment_status":"closed","ping_status":"closed","template":"","meta":{"footnotes":""},"class_list":["post-523","page","type-page","status-publish","hentry","column","onecol"],"_links":{"self":[{"href":"https:\/\/walfroy.fr\/peinture\/index.php?rest_route=\/wp\/v2\/pages\/523","targetHints":{"allow":["GET"]}}],"collection":[{"href":"https:\/\/walfroy.fr\/peinture\/index.php?rest_route=\/wp\/v2\/pages"}],"about":[{"href":"https:\/\/walfroy.fr\/peinture\/index.php?rest_route=\/wp\/v2\/types\/page"}],"author":[{"embeddable":true,"href":"https:\/\/walfroy.fr\/peinture\/index.php?rest_route=\/wp\/v2\/users\/1"}],"replies":[{"embeddable":true,"href":"https:\/\/walfroy.fr\/peinture\/index.php?rest_route=%2Fwp%2Fv2%2Fcomments&post=523"}],"version-history":[{"count":2,"href":"https:\/\/walfroy.fr\/peinture\/index.php?rest_route=\/wp\/v2\/pages\/523\/revisions"}],"predecessor-version":[{"id":526,"href":"https:\/\/walfroy.fr\/peinture\/index.php?rest_route=\/wp\/v2\/pages\/523\/revisions\/526"}],"wp:attachment":[{"href":"https:\/\/walfroy.fr\/peinture\/index.php?rest_route=%2Fwp%2Fv2%2Fmedia&parent=523"}],"curies":[{"name":"wp","href":"https:\/\/api.w.org\/{rel}","templated":true}]}}