{"id":318,"date":"2015-02-09T00:16:08","date_gmt":"2015-02-08T23:16:08","guid":{"rendered":"http:\/\/walfroy.fr\/peinture\/?page_id=318"},"modified":"2015-02-09T00:33:06","modified_gmt":"2015-02-08T23:33:06","slug":"copies-3","status":"publish","type":"page","link":"https:\/\/walfroy.fr\/peinture\/?page_id=318","title":{"rendered":"Copies"},"content":{"rendered":"<p>Toutes les copies de cette galerie sont peintes \u00e0 la main sans l&rsquo;aide d&rsquo;un quelconque moyen m\u00e9canique de reproduction.<\/p>\n<p>La copie d&rsquo;une \u0153uvre ne peut \u00eatre vendue que si l\u2019\u0153uvre est entr\u00e9e dans le domaine public, soit 70 ans apr\u00e8s la mort de l&rsquo;auteur. Ainsi, les copies de tableaux de Matisse que vous trouverez dans cette galerie sont donc des copies priv\u00e9es pr\u00e9sent\u00e9es uniquement \u00e0 titre d&rsquo;exemple.<\/p>\n<p>J&rsquo;ai pris beaucoup de plaisir \u00e0 peindre le \u00ab\u00a0Nu couch\u00e9 les bras crois\u00e9s derri\u00e8re la t\u00eate\u00a0\u00bb de Modigliani.<br \/>\nC&rsquo;est un peintre et un style que j&rsquo;aime particuli\u00e8rement, je serai donc ravi de copier une autre de ses \u0153uvres. A bon entendeur, salut !<\/p>\n\t\t\t\t\t\t<div class=\"gallery_box_single\">\n\t\t\t\t\t\t\t\t\t\t\t\t\t\t\t<div class=\"gallery gllr_grid\" data-gllr-columns=\"1000\" data-gllr-border-width=\"10\">\n\t\t\t\t\t\t\t\t\t\t\t\t\t\t\t\t\t\t\t\t<div class=\"gllr_image_row\">\n\t\t\t\t\t\t\t\t\t\t\t\t\t\t\t\t\t\t\t\t\t<div class=\"gllr_image_block\">\n\t\t\t\t\t\t\t\t\t\t\t\t<p style=\"\n\t\t\t\t\t\t\t\t\t\t\t\twidth:180px;height:140px;\t\t\t\t\t\t\t\t\t\t\t\t\">\n\t\t\t\t\t\t\t\t\t\t\t\t\t\t\t\t\t\t\t\t\t\t\t\t\t\t\t\t<a data-fancybox=\"gallery_fancybox_230\" href=\"https:\/\/walfroy.fr\/peinture\/wp-content\/uploads\/2015\/02\/La-Sainte-Famille-851x1024.jpg\" title=\"La Sainte Famille - 2015\" >\n\t\t\t\t\t\t\t\t\t\t\t\t\t\t\t\t<img decoding=\"async\" width=&quot;160&quot; height=&quot;120&quot; style=\"width:160px; height:120px; border-width: 10px; border-color:#ffffff;border: 10px solid #ffffff\" alt=\"\" title=\"La Sainte Famille - 2015\" src=\"https:\/\/walfroy.fr\/peinture\/wp-content\/uploads\/2015\/02\/La-Sainte-Famille-160x120.jpg\" rel=\"https:\/\/walfroy.fr\/peinture\/wp-content\/uploads\/2015\/02\/La-Sainte-Famille.jpg\" \/>\t\t\t\t\t\t\t\t\t\t\t\t\t\t\t<\/a>\n\t\t\t\t\t\t\t\t\t\t\t\t\t\t\t\t\t\t\t\t\t\t\t\t\t\t<\/p>\n\t\t\t\t\t\t\t\t\t\t\t\t\t\t\t\t\t\t\t\t\t\t\t\t\t<div \n\t\t\t\t\t\t\t\t\t\t\t\t\tstyle=\"width:180px;\"\t\t\t\t\t\t\t\t\t\t\t\t\tclass=\"gllr_single_image_text gllr_single_image_text_under\">La Sainte Famille - 2015&nbsp;<\/div>\n\t\t\t\t\t\t\t\t\t\t\t\t\t\t\t\t\t\t\t\t\t\t\t<\/div><!-- .gllr_image_block -->\n\t\t\t\t\t\t\t\t\t\t\t\t\t\t\t\t\t\t\t\t\t<div class=\"gllr_image_block\">\n\t\t\t\t\t\t\t\t\t\t\t\t<p style=\"\n\t\t\t\t\t\t\t\t\t\t\t\twidth:180px;height:140px;\t\t\t\t\t\t\t\t\t\t\t\t\">\n\t\t\t\t\t\t\t\t\t\t\t\t\t\t\t\t\t\t\t\t\t\t\t\t\t\t\t\t<a data-fancybox=\"gallery_fancybox_230\" href=\"https:\/\/walfroy.fr\/peinture\/wp-content\/uploads\/2015\/03\/Nu-f\u00e9minin-assis-Amedeo-Modigliani-vers-1916-674x1024.jpg\" title=\"Nu f\u00e9minin assis - 2015 (d&#039;apr\u00e8s Amedeo Modigliani ~ 1916)\" >\n\t\t\t\t\t\t\t\t\t\t\t\t\t\t\t\t<img decoding=\"async\" width=&quot;160&quot; height=&quot;120&quot; style=\"width:160px; height:120px; border-width: 10px; border-color:#ffffff;border: 10px solid #ffffff\" alt=\"\" title=\"Nu f\u00e9minin assis - 2015 (d&#039;apr\u00e8s Amedeo Modigliani ~ 1916)\" src=\"https:\/\/walfroy.fr\/peinture\/wp-content\/uploads\/2015\/03\/Nu-f\u00e9minin-assis-Amedeo-Modigliani-vers-1916-160x120.jpg\" rel=\"https:\/\/walfroy.fr\/peinture\/wp-content\/uploads\/2015\/03\/Nu-f\u00e9minin-assis-Amedeo-Modigliani-vers-1916.jpg\" \/>\t\t\t\t\t\t\t\t\t\t\t\t\t\t\t<\/a>\n\t\t\t\t\t\t\t\t\t\t\t\t\t\t\t\t\t\t\t\t\t\t\t\t\t\t<\/p>\n\t\t\t\t\t\t\t\t\t\t\t\t\t\t\t\t\t\t\t\t\t\t\t\t\t<div \n\t\t\t\t\t\t\t\t\t\t\t\t\tstyle=\"width:180px;\"\t\t\t\t\t\t\t\t\t\t\t\t\tclass=\"gllr_single_image_text gllr_single_image_text_under\">Nu f\u00e9minin assis - 2015 (d&#039;apr\u00e8s Amedeo Modigliani ~ 1916)&nbsp;<\/div>\n\t\t\t\t\t\t\t\t\t\t\t\t\t\t\t\t\t\t\t\t\t\t\t<\/div><!-- .gllr_image_block -->\n\t\t\t\t\t\t\t\t\t\t\t\t\t\t\t\t\t\t\t\t\t<div class=\"gllr_image_block\">\n\t\t\t\t\t\t\t\t\t\t\t\t<p style=\"\n\t\t\t\t\t\t\t\t\t\t\t\twidth:180px;height:140px;\t\t\t\t\t\t\t\t\t\t\t\t\">\n\t\t\t\t\t\t\t\t\t\t\t\t\t\t\t\t\t\t\t\t\t\t\t\t\t\t\t\t<a data-fancybox=\"gallery_fancybox_230\" href=\"https:\/\/walfroy.fr\/peinture\/wp-content\/uploads\/2015\/02\/Pierre-Bonnard-Jour-d-hiver-vers-1905-s.jpg\" title=\"Jour d&#039;hiver \/ Femme dans un int\u00e9rieur - 2015 (d&#039;apr\u00e8s Pierre Bonnard ~ 1905)\" >\n\t\t\t\t\t\t\t\t\t\t\t\t\t\t\t\t<img decoding=\"async\" width=&quot;160&quot; height=&quot;120&quot; style=\"width:160px; height:120px; border-width: 10px; border-color:#ffffff;border: 10px solid #ffffff\" alt=\"\" title=\"Jour d&#039;hiver \/ Femme dans un int\u00e9rieur - 2015 (d&#039;apr\u00e8s Pierre Bonnard ~ 1905)\" src=\"https:\/\/walfroy.fr\/peinture\/wp-content\/uploads\/2015\/02\/Pierre-Bonnard-Jour-d-hiver-vers-1905-s-160x120.jpg\" rel=\"https:\/\/walfroy.fr\/peinture\/wp-content\/uploads\/2015\/02\/Pierre-Bonnard-Jour-d-hiver-vers-1905-s.jpg\" \/>\t\t\t\t\t\t\t\t\t\t\t\t\t\t\t<\/a>\n\t\t\t\t\t\t\t\t\t\t\t\t\t\t\t\t\t\t\t\t\t\t\t\t\t\t<\/p>\n\t\t\t\t\t\t\t\t\t\t\t\t\t\t\t\t\t\t\t\t\t\t\t\t\t<div \n\t\t\t\t\t\t\t\t\t\t\t\t\tstyle=\"width:180px;\"\t\t\t\t\t\t\t\t\t\t\t\t\tclass=\"gllr_single_image_text gllr_single_image_text_under\">Jour d&#039;hiver \/ Femme dans un int\u00e9rieur - 2015 (d&#039;apr\u00e8s Pierre Bonnard ~ 1905)&nbsp;<\/div>\n\t\t\t\t\t\t\t\t\t\t\t\t\t\t\t\t\t\t\t\t\t\t\t<\/div><!-- .gllr_image_block -->\n\t\t\t\t\t\t\t\t\t\t\t\t\t\t\t\t\t\t\t\t\t<div class=\"gllr_image_block\">\n\t\t\t\t\t\t\t\t\t\t\t\t<p style=\"\n\t\t\t\t\t\t\t\t\t\t\t\twidth:180px;height:140px;\t\t\t\t\t\t\t\t\t\t\t\t\">\n\t\t\t\t\t\t\t\t\t\t\t\t\t\t\t\t\t\t\t\t\t\t\t\t\t\t\t\t<a data-fancybox=\"gallery_fancybox_230\" href=\"https:\/\/walfroy.fr\/peinture\/wp-content\/uploads\/2015\/02\/icone_document-739x1024.jpg\" title=\"Ic\u00f4ne enfantine - 2015 (d&#039;apr\u00e8s Abbaye Notre Dame de Veni\u00e8re)\" >\n\t\t\t\t\t\t\t\t\t\t\t\t\t\t\t\t<img decoding=\"async\" width=&quot;160&quot; height=&quot;120&quot; style=\"width:160px; height:120px; border-width: 10px; border-color:#ffffff;border: 10px solid #ffffff\" alt=\"\" title=\"Ic\u00f4ne enfantine - 2015 (d&#039;apr\u00e8s Abbaye Notre Dame de Veni\u00e8re)\" src=\"https:\/\/walfroy.fr\/peinture\/wp-content\/uploads\/2015\/02\/icone_document-160x120.jpg\" rel=\"https:\/\/walfroy.fr\/peinture\/wp-content\/uploads\/2015\/02\/icone_document.jpg\" \/>\t\t\t\t\t\t\t\t\t\t\t\t\t\t\t<\/a>\n\t\t\t\t\t\t\t\t\t\t\t\t\t\t\t\t\t\t\t\t\t\t\t\t\t\t<\/p>\n\t\t\t\t\t\t\t\t\t\t\t\t\t\t\t\t\t\t\t\t\t\t\t\t\t<div \n\t\t\t\t\t\t\t\t\t\t\t\t\tstyle=\"width:180px;\"\t\t\t\t\t\t\t\t\t\t\t\t\tclass=\"gllr_single_image_text gllr_single_image_text_under\">Ic\u00f4ne enfantine - 2015 (d&#039;apr\u00e8s Abbaye Notre Dame de Veni\u00e8re)&nbsp;<\/div>\n\t\t\t\t\t\t\t\t\t\t\t\t\t\t\t\t\t\t\t\t\t\t\t<\/div><!-- .gllr_image_block -->\n\t\t\t\t\t\t\t\t\t\t\t\t\t\t\t\t\t\t\t\t\t<div class=\"gllr_image_block\">\n\t\t\t\t\t\t\t\t\t\t\t\t<p style=\"\n\t\t\t\t\t\t\t\t\t\t\t\twidth:180px;height:140px;\t\t\t\t\t\t\t\t\t\t\t\t\">\n\t\t\t\t\t\t\t\t\t\t\t\t\t\t\t\t\t\t\t\t\t\t\t\t\t\t\t\t<a data-fancybox=\"gallery_fancybox_230\" href=\"https:\/\/walfroy.fr\/peinture\/wp-content\/uploads\/2015\/02\/La-danse-II-2015-1024x666.jpg\" title=\"La danse II - 2015 (d&#039;apr\u00e8s Henri Matisse - 1910)\" >\n\t\t\t\t\t\t\t\t\t\t\t\t\t\t\t\t<img decoding=\"async\" width=&quot;160&quot; height=&quot;120&quot; style=\"width:160px; height:120px; border-width: 10px; border-color:#ffffff;border: 10px solid #ffffff\" alt=\"\" title=\"La danse II - 2015 (d&#039;apr\u00e8s Henri Matisse - 1910)\" src=\"https:\/\/walfroy.fr\/peinture\/wp-content\/uploads\/2015\/02\/La-danse-II-2015-160x120.jpg\" rel=\"https:\/\/walfroy.fr\/peinture\/wp-content\/uploads\/2015\/02\/La-danse-II-2015.jpg\" \/>\t\t\t\t\t\t\t\t\t\t\t\t\t\t\t<\/a>\n\t\t\t\t\t\t\t\t\t\t\t\t\t\t\t\t\t\t\t\t\t\t\t\t\t\t<\/p>\n\t\t\t\t\t\t\t\t\t\t\t\t\t\t\t\t\t\t\t\t\t\t\t\t\t<div \n\t\t\t\t\t\t\t\t\t\t\t\t\tstyle=\"width:180px;\"\t\t\t\t\t\t\t\t\t\t\t\t\tclass=\"gllr_single_image_text gllr_single_image_text_under\">La danse II - 2015 (d&#039;apr\u00e8s Henri Matisse - 1910)&nbsp;<\/div>\n\t\t\t\t\t\t\t\t\t\t\t\t\t\t\t\t\t\t\t\t\t\t\t<\/div><!-- .gllr_image_block -->\n\t\t\t\t\t\t\t\t\t\t\t\t\t\t\t\t\t\t\t\t\t<div class=\"gllr_image_block\">\n\t\t\t\t\t\t\t\t\t\t\t\t<p style=\"\n\t\t\t\t\t\t\t\t\t\t\t\twidth:180px;height:140px;\t\t\t\t\t\t\t\t\t\t\t\t\">\n\t\t\t\t\t\t\t\t\t\t\t\t\t\t\t\t\t\t\t\t\t\t\t\t\t\t\t\t<a data-fancybox=\"gallery_fancybox_230\" href=\"https:\/\/walfroy.fr\/peinture\/wp-content\/uploads\/2015\/02\/Nu-couch\u00e9-les-bras-crois\u00e9s-derri\u00e8re-la-t\u00eate-201554d1fe52998f1-1024x666.jpg\" title=\"Nu couch\u00e9 les bras crois\u00e9s derri\u00e8re la t\u00eate - 2015 (d&#039;apr\u00e8s Modigliani)\" >\n\t\t\t\t\t\t\t\t\t\t\t\t\t\t\t\t<img decoding=\"async\" width=&quot;160&quot; height=&quot;120&quot; style=\"width:160px; height:120px; border-width: 10px; border-color:#ffffff;border: 10px solid #ffffff\" alt=\"\" title=\"Nu couch\u00e9 les bras crois\u00e9s derri\u00e8re la t\u00eate - 2015 (d&#039;apr\u00e8s Modigliani)\" src=\"https:\/\/walfroy.fr\/peinture\/wp-content\/uploads\/2015\/02\/Nu-couch\u00e9-les-bras-crois\u00e9s-derri\u00e8re-la-t\u00eate-201554d1fe52998f1-160x120.jpg\" rel=\"https:\/\/walfroy.fr\/peinture\/wp-content\/uploads\/2015\/02\/Nu-couch\u00e9-les-bras-crois\u00e9s-derri\u00e8re-la-t\u00eate-201554d1fe52998f1.jpg\" \/>\t\t\t\t\t\t\t\t\t\t\t\t\t\t\t<\/a>\n\t\t\t\t\t\t\t\t\t\t\t\t\t\t\t\t\t\t\t\t\t\t\t\t\t\t<\/p>\n\t\t\t\t\t\t\t\t\t\t\t\t\t\t\t\t\t\t\t\t\t\t\t\t\t<div \n\t\t\t\t\t\t\t\t\t\t\t\t\tstyle=\"width:180px;\"\t\t\t\t\t\t\t\t\t\t\t\t\tclass=\"gllr_single_image_text gllr_single_image_text_under\">Nu couch\u00e9 les bras crois\u00e9s derri\u00e8re la t\u00eate - 2015 (d&#039;apr\u00e8s Modigliani)&nbsp;<\/div>\n\t\t\t\t\t\t\t\t\t\t\t\t\t\t\t\t\t\t\t\t\t\t\t<\/div><!-- .gllr_image_block -->\n\t\t\t\t\t\t\t\t\t\t\t\t\t\t\t\t\t\t\t\t\t<div class=\"gllr_image_block\">\n\t\t\t\t\t\t\t\t\t\t\t\t<p style=\"\n\t\t\t\t\t\t\t\t\t\t\t\twidth:180px;height:140px;\t\t\t\t\t\t\t\t\t\t\t\t\">\n\t\t\t\t\t\t\t\t\t\t\t\t\t\t\t\t\t\t\t\t\t\t\t\t\t\t\t\t<a data-fancybox=\"gallery_fancybox_230\" href=\"https:\/\/walfroy.fr\/peinture\/wp-content\/uploads\/2015\/02\/Int\u00e9rieur-au-bocal-de-poissons-rouges-1993.jpg\" title=\"Int\u00e9rieur, bocal de poissons rouges - 1993 (d&#039;apr\u00e8s Henri Matisse - 1914)\" >\n\t\t\t\t\t\t\t\t\t\t\t\t\t\t\t\t<img decoding=\"async\" width=&quot;160&quot; height=&quot;120&quot; style=\"width:160px; height:120px; border-width: 10px; border-color:#ffffff;border: 10px solid #ffffff\" alt=\"\" title=\"Int\u00e9rieur, bocal de poissons rouges - 1993 (d&#039;apr\u00e8s Henri Matisse - 1914)\" src=\"https:\/\/walfroy.fr\/peinture\/wp-content\/uploads\/2015\/02\/Int\u00e9rieur-au-bocal-de-poissons-rouges-1993-160x120.jpg\" rel=\"https:\/\/walfroy.fr\/peinture\/wp-content\/uploads\/2015\/02\/Int\u00e9rieur-au-bocal-de-poissons-rouges-1993.jpg\" \/>\t\t\t\t\t\t\t\t\t\t\t\t\t\t\t<\/a>\n\t\t\t\t\t\t\t\t\t\t\t\t\t\t\t\t\t\t\t\t\t\t\t\t\t\t<\/p>\n\t\t\t\t\t\t\t\t\t\t\t\t\t\t\t\t\t\t\t\t\t\t\t\t\t<div \n\t\t\t\t\t\t\t\t\t\t\t\t\tstyle=\"width:180px;\"\t\t\t\t\t\t\t\t\t\t\t\t\tclass=\"gllr_single_image_text gllr_single_image_text_under\">Int\u00e9rieur, bocal de poissons rouges - 1993 (d&#039;apr\u00e8s Henri Matisse - 1914)&nbsp;<\/div>\n\t\t\t\t\t\t\t\t\t\t\t\t\t\t\t\t\t\t\t\t\t\t\t<\/div><!-- .gllr_image_block -->\n\t\t\t\t\t\t\t\t\t\t\t\t\t\t\t\t\t\t\t\t\t<div class=\"gllr_image_block\">\n\t\t\t\t\t\t\t\t\t\t\t\t<p style=\"\n\t\t\t\t\t\t\t\t\t\t\t\twidth:180px;height:140px;\t\t\t\t\t\t\t\t\t\t\t\t\">\n\t\t\t\t\t\t\t\t\t\t\t\t\t\t\t\t\t\t\t\t\t\t\t\t\t\t\t\t<a data-fancybox=\"gallery_fancybox_230\" href=\"https:\/\/walfroy.fr\/peinture\/wp-content\/uploads\/2015\/02\/Le-tub-1993-1024x816.jpg\" title=\"Le tub - 1993 (d&#039;apr\u00e8s Edgar Degas - 1886)\" >\n\t\t\t\t\t\t\t\t\t\t\t\t\t\t\t\t<img decoding=\"async\" width=&quot;160&quot; height=&quot;120&quot; style=\"width:160px; height:120px; border-width: 10px; border-color:#ffffff;border: 10px solid #ffffff\" alt=\"\" title=\"Le tub - 1993 (d&#039;apr\u00e8s Edgar Degas - 1886)\" src=\"https:\/\/walfroy.fr\/peinture\/wp-content\/uploads\/2015\/02\/Le-tub-1993-160x120.jpg\" rel=\"https:\/\/walfroy.fr\/peinture\/wp-content\/uploads\/2015\/02\/Le-tub-1993.jpg\" \/>\t\t\t\t\t\t\t\t\t\t\t\t\t\t\t<\/a>\n\t\t\t\t\t\t\t\t\t\t\t\t\t\t\t\t\t\t\t\t\t\t\t\t\t\t<\/p>\n\t\t\t\t\t\t\t\t\t\t\t\t\t\t\t\t\t\t\t\t\t\t\t\t\t<div \n\t\t\t\t\t\t\t\t\t\t\t\t\tstyle=\"width:180px;\"\t\t\t\t\t\t\t\t\t\t\t\t\tclass=\"gllr_single_image_text gllr_single_image_text_under\">Le tub - 1993 (d&#039;apr\u00e8s Edgar Degas - 1886)&nbsp;<\/div>\n\t\t\t\t\t\t\t\t\t\t\t\t\t\t\t\t\t\t\t\t\t\t\t<\/div><!-- .gllr_image_block -->\n\t\t\t\t\t\t\t\t\t\t\t\t\t\t\t\t\t\t\t\t\t<div class=\"gllr_image_block\">\n\t\t\t\t\t\t\t\t\t\t\t\t<p style=\"\n\t\t\t\t\t\t\t\t\t\t\t\twidth:180px;height:140px;\t\t\t\t\t\t\t\t\t\t\t\t\">\n\t\t\t\t\t\t\t\t\t\t\t\t\t\t\t\t\t\t\t\t\t\t\t\t\t\t\t\t<a data-fancybox=\"gallery_fancybox_230\" href=\"https:\/\/walfroy.fr\/peinture\/wp-content\/uploads\/2015\/02\/Nymph\u00e9as-1990.jpg\" title=\"Nymph\u00e9as - 1990 (d&#039;apr\u00e8s Claude Monet)\" >\n\t\t\t\t\t\t\t\t\t\t\t\t\t\t\t\t<img decoding=\"async\" width=&quot;160&quot; height=&quot;120&quot; style=\"width:160px; height:120px; border-width: 10px; border-color:#ffffff;border: 10px solid #ffffff\" alt=\"\" title=\"Nymph\u00e9as - 1990 (d&#039;apr\u00e8s Claude Monet)\" src=\"https:\/\/walfroy.fr\/peinture\/wp-content\/uploads\/2015\/02\/Nymph\u00e9as-1990-160x120.jpg\" rel=\"https:\/\/walfroy.fr\/peinture\/wp-content\/uploads\/2015\/02\/Nymph\u00e9as-1990.jpg\" \/>\t\t\t\t\t\t\t\t\t\t\t\t\t\t\t<\/a>\n\t\t\t\t\t\t\t\t\t\t\t\t\t\t\t\t\t\t\t\t\t\t\t\t\t\t<\/p>\n\t\t\t\t\t\t\t\t\t\t\t\t\t\t\t\t\t\t\t\t\t\t\t\t\t<div \n\t\t\t\t\t\t\t\t\t\t\t\t\tstyle=\"width:180px;\"\t\t\t\t\t\t\t\t\t\t\t\t\tclass=\"gllr_single_image_text gllr_single_image_text_under\">Nymph\u00e9as - 1990 (d&#039;apr\u00e8s Claude Monet)&nbsp;<\/div>\n\t\t\t\t\t\t\t\t\t\t\t\t\t\t\t\t\t\t\t\t\t\t\t<\/div><!-- .gllr_image_block -->\n\t\t\t\t\t\t\t\t\t\t\t\t\t\t\t\t\t\t\t\t\t<div class=\"clear\"><\/div>\n\t\t\t\t\t\t\t\t\t\t<\/div><!-- .gllr_image_row -->\n\t\t\t\t\t\t\t\t\t\t\t\t\t\t\t\t\t<\/div><!-- .gallery.clearfix -->\n\t\t\t\t\t\t\t\t\t\t\t\t\t\t<\/div><!-- .gallery_box_single -->\n\t\t\t\t\t\t<div class=\"gllr_clear\"><\/div>\n\t\t\t\t\t\t\n<p>&nbsp;<\/p>\n<div class=\"fcbkbttn_buttons_block\" id=\"fcbkbttn_left\"><div class=\"fcbkbttn_like \"><fb:like href=\"https:\/\/walfroy.fr\/peinture\/?gallery=copies\" action=\"like\" colorscheme=\"light\" layout=\"button_count\"  size=\"small\"><\/fb:like><\/div><div class=\"fb-share-button  \" data-href=\"https:\/\/walfroy.fr\/peinture\/?gallery=copies\" data-type=\"button_count\" data-size=\"small\"><\/div><\/div>\n","protected":false},"excerpt":{"rendered":"<p>Toutes les copies de cette galerie sont peintes \u00e0 la main sans l&rsquo;aide d&rsquo;un quelconque moyen m\u00e9canique de reproduction. La copie d&rsquo;une \u0153uvre ne peut \u00eatre vendue que si l\u2019\u0153uvre est entr\u00e9e dans le domaine public, soit 70 ans apr\u00e8s la mort de l&rsquo;auteur. Ainsi, les copies de tableaux de &#8230;<\/p>\n","protected":false},"author":1,"featured_media":0,"parent":237,"menu_order":1,"comment_status":"open","ping_status":"closed","template":"template-content-sidebar.php","meta":{"footnotes":""},"class_list":["post-318","page","type-page","status-publish","hentry","column","onecol","has-thumbnail"],"_links":{"self":[{"href":"https:\/\/walfroy.fr\/peinture\/index.php?rest_route=\/wp\/v2\/pages\/318","targetHints":{"allow":["GET"]}}],"collection":[{"href":"https:\/\/walfroy.fr\/peinture\/index.php?rest_route=\/wp\/v2\/pages"}],"about":[{"href":"https:\/\/walfroy.fr\/peinture\/index.php?rest_route=\/wp\/v2\/types\/page"}],"author":[{"embeddable":true,"href":"https:\/\/walfroy.fr\/peinture\/index.php?rest_route=\/wp\/v2\/users\/1"}],"replies":[{"embeddable":true,"href":"https:\/\/walfroy.fr\/peinture\/index.php?rest_route=%2Fwp%2Fv2%2Fcomments&post=318"}],"version-history":[{"count":5,"href":"https:\/\/walfroy.fr\/peinture\/index.php?rest_route=\/wp\/v2\/pages\/318\/revisions"}],"predecessor-version":[{"id":333,"href":"https:\/\/walfroy.fr\/peinture\/index.php?rest_route=\/wp\/v2\/pages\/318\/revisions\/333"}],"up":[{"embeddable":true,"href":"https:\/\/walfroy.fr\/peinture\/index.php?rest_route=\/wp\/v2\/pages\/237"}],"wp:attachment":[{"href":"https:\/\/walfroy.fr\/peinture\/index.php?rest_route=%2Fwp%2Fv2%2Fmedia&parent=318"}],"curies":[{"name":"wp","href":"https:\/\/api.w.org\/{rel}","templated":true}]}}