{"id":310,"date":"2015-02-06T08:43:26","date_gmt":"2015-02-06T07:43:26","guid":{"rendered":"http:\/\/walfroy.fr\/peinture\/?page_id=310"},"modified":"2016-05-04T14:25:18","modified_gmt":"2016-05-04T13:25:18","slug":"a-vendre","status":"publish","type":"page","link":"https:\/\/walfroy.fr\/peinture\/?page_id=310","title":{"rendered":"A vendre"},"content":{"rendered":"<div class=\"pt-cv-wrapper\"><div class=\"pt-cv-view pt-cv-grid pt-cv-colsys\" id=\"pt-cv-view-e6be33c10e\"><div data-id=\"pt-cv-page-1\" class=\"pt-cv-page\" data-cvc=\"2\"><div class=\"col-md-6 col-sm-6 col-xs-12 pt-cv-content-item pt-cv-1-col\" ><div class='pt-cv-ifield'><a href=\"https:\/\/walfroy.fr\/peinture\/?p=594\" class=\"_self pt-cv-href-thumbnail pt-cv-thumb-default\" target=\"_self\" ><img loading=\"lazy\" decoding=\"async\" width=\"300\" height=\"100\" src=\"https:\/\/walfroy.fr\/peinture\/wp-content\/uploads\/2019\/02\/Diapositive2-300x100.jpg\" class=\"pt-cv-thumbnail\" alt=\"\" srcset=\"https:\/\/walfroy.fr\/peinture\/wp-content\/uploads\/2019\/02\/Diapositive2-300x100.jpg 300w, https:\/\/walfroy.fr\/peinture\/wp-content\/uploads\/2019\/02\/Diapositive2.jpg 567w\" sizes=\"auto, (max-width: 300px) 100vw, 300px\" \/><\/a>\n<h4 class=\"pt-cv-title\"><a href=\"https:\/\/walfroy.fr\/peinture\/?p=594\" class=\"_self\" target=\"_self\" >It&rsquo;s four in the morning<\/a><\/h4>\n<div class=\"pt-cv-content\">Retrouvez ce tableau dans la galerie des portraits : ...<br \/><div class=\"pt-cv-rmwrap\"><a href=\"https:\/\/walfroy.fr\/peinture\/?p=594\" class=\"_self pt-cv-readmore btn btn-success\" target=\"_self\">Lire La Suite\u2026<\/a><\/div><\/div><\/div><\/div>\n<div class=\"col-md-6 col-sm-6 col-xs-12 pt-cv-content-item pt-cv-1-col\" ><div class='pt-cv-ifield'><a href=\"https:\/\/walfroy.fr\/peinture\/?p=534\" class=\"_self pt-cv-href-thumbnail pt-cv-thumb-default\" target=\"_self\" ><\/a>\n<h4 class=\"pt-cv-title\"><a href=\"https:\/\/walfroy.fr\/peinture\/?p=534\" class=\"_self\" target=\"_self\" >Panthera leo krugeri<\/a><\/h4>\n<div class=\"pt-cv-content\">Ce grand tableau (100x100cm) est r\u00e9alis\u00e9 en techniques mixtes (acrylique et huile) sur toile. Retrouvez ce tableau dans la galerie ...<br \/><div class=\"pt-cv-rmwrap\"><a href=\"https:\/\/walfroy.fr\/peinture\/?p=534\" class=\"_self pt-cv-readmore btn btn-success\" target=\"_self\">Lire La Suite\u2026<\/a><\/div><\/div><\/div><\/div>\n<div class=\"col-md-6 col-sm-6 col-xs-12 pt-cv-content-item pt-cv-1-col\" ><div class='pt-cv-ifield'><a href=\"https:\/\/walfroy.fr\/peinture\/?p=501\" class=\"_self pt-cv-href-thumbnail pt-cv-thumb-default\" target=\"_self\" ><\/a>\n<h4 class=\"pt-cv-title\"><a href=\"https:\/\/walfroy.fr\/peinture\/?p=501\" class=\"_self\" target=\"_self\" >Grapsus grapsus<\/a><\/h4>\n<div class=\"pt-cv-content\">Ce grand tableau (73x116cm) est r\u00e9alis\u00e9 en techniques mixtes (acrylique et huile) sur toile, d'apr\u00e8s une photo du Lieutenant Elizabeth ...<br \/><div class=\"pt-cv-rmwrap\"><a href=\"https:\/\/walfroy.fr\/peinture\/?p=501\" class=\"_self pt-cv-readmore btn btn-success\" target=\"_self\">Lire La Suite\u2026<\/a><\/div><\/div><\/div><\/div>\n<div class=\"col-md-6 col-sm-6 col-xs-12 pt-cv-content-item pt-cv-1-col\" ><div class='pt-cv-ifield'><a href=\"https:\/\/walfroy.fr\/peinture\/?p=478\" class=\"_self pt-cv-href-thumbnail pt-cv-thumb-default\" target=\"_self\" ><\/a>\n<h4 class=\"pt-cv-title\"><a href=\"https:\/\/walfroy.fr\/peinture\/?p=478\" class=\"_self\" target=\"_self\" >M\u00e9gachiropt\u00e8re<\/a><\/h4>\n<div class=\"pt-cv-content\">Retrouvez ce tableau dans la galerie des \u0153uvres originales\u00a0: ...<br \/><div class=\"pt-cv-rmwrap\"><a href=\"https:\/\/walfroy.fr\/peinture\/?p=478\" class=\"_self pt-cv-readmore btn btn-success\" target=\"_self\">Lire La Suite\u2026<\/a><\/div><\/div><\/div><\/div><\/div><\/div><\/div>\n","protected":false},"excerpt":{"rendered":"","protected":false},"author":1,"featured_media":0,"parent":0,"menu_order":0,"comment_status":"closed","ping_status":"closed","template":"template-content-sidebar.php","meta":{"footnotes":""},"class_list":["post-310","page","type-page","status-publish","hentry","column","onecol"],"_links":{"self":[{"href":"https:\/\/walfroy.fr\/peinture\/index.php?rest_route=\/wp\/v2\/pages\/310","targetHints":{"allow":["GET"]}}],"collection":[{"href":"https:\/\/walfroy.fr\/peinture\/index.php?rest_route=\/wp\/v2\/pages"}],"about":[{"href":"https:\/\/walfroy.fr\/peinture\/index.php?rest_route=\/wp\/v2\/types\/page"}],"author":[{"embeddable":true,"href":"https:\/\/walfroy.fr\/peinture\/index.php?rest_route=\/wp\/v2\/users\/1"}],"replies":[{"embeddable":true,"href":"https:\/\/walfroy.fr\/peinture\/index.php?rest_route=%2Fwp%2Fv2%2Fcomments&post=310"}],"version-history":[{"count":9,"href":"https:\/\/walfroy.fr\/peinture\/index.php?rest_route=\/wp\/v2\/pages\/310\/revisions"}],"predecessor-version":[{"id":512,"href":"https:\/\/walfroy.fr\/peinture\/index.php?rest_route=\/wp\/v2\/pages\/310\/revisions\/512"}],"wp:attachment":[{"href":"https:\/\/walfroy.fr\/peinture\/index.php?rest_route=%2Fwp%2Fv2%2Fmedia&parent=310"}],"curies":[{"name":"wp","href":"https:\/\/api.w.org\/{rel}","templated":true}]}}