{"id":257,"date":"2015-02-04T19:49:03","date_gmt":"2015-02-04T18:49:03","guid":{"rendered":"http:\/\/walfroy.fr\/peinture\/?page_id=257"},"modified":"2015-04-04T18:03:22","modified_gmt":"2015-04-04T17:03:22","slug":"mentions-legales","status":"publish","type":"page","link":"https:\/\/walfroy.fr\/peinture\/?page_id=257","title":{"rendered":"Mentions l\u00e9gales"},"content":{"rendered":"<p><big><strong>walfroy<\/strong> | artiste peintre<\/big><br \/>\nN\u00b0 SIRET 809 190 200 00018<br \/>\nN\u00b0 d&rsquo;ordre MdA GA48804<\/p>\n<table>\n<tbody align=\"left\">\n<tr>\n<th colspan=\"2\">Walfroy Guihard<\/th>\n<\/tr>\n<tr>\n<td>12 avenue Fran\u00e7ois Mansart<br \/>\n78600 Maisons-Laffitte<br \/>\nFrance<\/td>\n<td>T\u00e9l. +33 (0)175261552<br \/>\nMob. +33 (0)628099131<br \/>\n<a href=\"mailto:ecrire@walfroy.fr\">ecrire@walfroy.fr<\/a><\/td>\n<\/tr>\n<\/tbody>\n<\/table>\n<table>\n<tbody align=\"left\">\n<tr>\n<th>Site h\u00e9berg\u00e9 par OVH<\/th>\n<\/tr>\n<tr>\n<td>2 rue Kellermann<br \/>\n59100 Roubaix<br \/>\nFrance<\/td>\n<\/tr>\n<\/tbody>\n<\/table>\n","protected":false},"excerpt":{"rendered":"<p>walfroy | artiste peintre N\u00b0 SIRET 809 190 200 00018 N\u00b0 d&rsquo;ordre MdA GA48804 Walfroy Guihard 12 avenue Fran\u00e7ois Mansart 78600 Maisons-Laffitte France T\u00e9l. +33 (0)175261552 Mob. +33 (0)628099131 ecrire@walfroy.fr Site h\u00e9berg\u00e9 par OVH 2 rue Kellermann 59100 Roubaix France<\/p>\n","protected":false},"author":1,"featured_media":0,"parent":0,"menu_order":0,"comment_status":"closed","ping_status":"closed","template":"template-content-sidebar.php","meta":{"footnotes":""},"class_list":["post-257","page","type-page","status-publish","hentry","column","onecol"],"_links":{"self":[{"href":"https:\/\/walfroy.fr\/peinture\/index.php?rest_route=\/wp\/v2\/pages\/257","targetHints":{"allow":["GET"]}}],"collection":[{"href":"https:\/\/walfroy.fr\/peinture\/index.php?rest_route=\/wp\/v2\/pages"}],"about":[{"href":"https:\/\/walfroy.fr\/peinture\/index.php?rest_route=\/wp\/v2\/types\/page"}],"author":[{"embeddable":true,"href":"https:\/\/walfroy.fr\/peinture\/index.php?rest_route=\/wp\/v2\/users\/1"}],"replies":[{"embeddable":true,"href":"https:\/\/walfroy.fr\/peinture\/index.php?rest_route=%2Fwp%2Fv2%2Fcomments&post=257"}],"version-history":[{"count":5,"href":"https:\/\/walfroy.fr\/peinture\/index.php?rest_route=\/wp\/v2\/pages\/257\/revisions"}],"predecessor-version":[{"id":443,"href":"https:\/\/walfroy.fr\/peinture\/index.php?rest_route=\/wp\/v2\/pages\/257\/revisions\/443"}],"wp:attachment":[{"href":"https:\/\/walfroy.fr\/peinture\/index.php?rest_route=%2Fwp%2Fv2%2Fmedia&parent=257"}],"curies":[{"name":"wp","href":"https:\/\/api.w.org\/{rel}","templated":true}]}}