{"id":182,"date":"2015-02-03T23:34:54","date_gmt":"2015-02-03T22:34:54","guid":{"rendered":"http:\/\/walfroy.fr\/peinture\/?page_id=182"},"modified":"2015-02-08T23:53:04","modified_gmt":"2015-02-08T22:53:04","slug":"accueil","status":"publish","type":"page","link":"https:\/\/walfroy.fr\/peinture\/?page_id=182","title":{"rendered":"Accueil"},"content":{"rendered":"<p>Fin 2014, une chute de cheval pourtant bien banale se traduit par\u00a0trois mois d&rsquo;arr\u00eat de travail&#8230;<\/p>\n<p>Que faire pour occuper ces trois mois \u00e0 mon domicile\u00a0? J&rsquo;ai vite ressorti les pinceaux, les tubes de couleurs et me voil\u00e0 de nouveau devant le chevalet. Quel plaisir retrouv\u00e9 !<\/p>\n<p>C&rsquo;est dit, je n&rsquo;attendrai pas la retraite pour reprendre s\u00e9rieusement la peinture \u00e0 l&rsquo;huile.<br \/>\nQuelques clics pour me d\u00e9clarer \u00e0 la maison des artistes et me voil\u00e0 pr\u00eat \u00e0 vous proposer mes services.<\/p>\n<ul>\n<li>Vous avez en t\u00eate une belle photo que vous aimeriez depuis longtemps avoir en peinture dans votre salon ?<\/li>\n<li>Ou peut-\u00eatre pr\u00e9f\u00e9rez-vous que nous cherchions ensemble un sujet de tableau qui vous convienne ?<\/li>\n<li>A moins que vous ne souhaitiez la copie d&rsquo;une toile de ma\u00eetre ?<\/li>\n<\/ul>\n<p><em><a title=\"Contact\" href=\"http:\/\/walfroy.fr\/peinture\/?page_id=185\">Contactez-moi<\/a> et nous construirons <strong>ensemble<\/strong> votre projet&#8230;<\/em><\/p>\n<div class=\"fcbkbttn_buttons_block\" id=\"fcbkbttn_left\"><div class=\"fcbkbttn_like \"><fb:like href=\"https:\/\/walfroy.fr\/peinture\/?page_id=182\" action=\"like\" colorscheme=\"light\" layout=\"button_count\"  size=\"small\"><\/fb:like><\/div><div class=\"fb-share-button  \" data-href=\"https:\/\/walfroy.fr\/peinture\/?page_id=182\" data-type=\"button_count\" data-size=\"small\"><\/div><\/div>\n","protected":false},"excerpt":{"rendered":"<p>Fin 2014, une chute de cheval pourtant bien banale se traduit par\u00a0trois mois d&rsquo;arr\u00eat de travail&#8230; Que faire pour occuper ces trois mois \u00e0 mon domicile\u00a0? J&rsquo;ai vite ressorti les pinceaux, les tubes de couleurs et me voil\u00e0 de nouveau devant le chevalet. Quel plaisir retrouv\u00e9 ! C&rsquo;est dit, je &#8230;<\/p>\n","protected":false},"author":1,"featured_media":0,"parent":0,"menu_order":0,"comment_status":"closed","ping_status":"closed","template":"template-content-sidebar.php","meta":{"footnotes":""},"class_list":["post-182","page","type-page","status-publish","hentry","column","onecol"],"_links":{"self":[{"href":"https:\/\/walfroy.fr\/peinture\/index.php?rest_route=\/wp\/v2\/pages\/182","targetHints":{"allow":["GET"]}}],"collection":[{"href":"https:\/\/walfroy.fr\/peinture\/index.php?rest_route=\/wp\/v2\/pages"}],"about":[{"href":"https:\/\/walfroy.fr\/peinture\/index.php?rest_route=\/wp\/v2\/types\/page"}],"author":[{"embeddable":true,"href":"https:\/\/walfroy.fr\/peinture\/index.php?rest_route=\/wp\/v2\/users\/1"}],"replies":[{"embeddable":true,"href":"https:\/\/walfroy.fr\/peinture\/index.php?rest_route=%2Fwp%2Fv2%2Fcomments&post=182"}],"version-history":[{"count":13,"href":"https:\/\/walfroy.fr\/peinture\/index.php?rest_route=\/wp\/v2\/pages\/182\/revisions"}],"predecessor-version":[{"id":317,"href":"https:\/\/walfroy.fr\/peinture\/index.php?rest_route=\/wp\/v2\/pages\/182\/revisions\/317"}],"wp:attachment":[{"href":"https:\/\/walfroy.fr\/peinture\/index.php?rest_route=%2Fwp%2Fv2%2Fmedia&parent=182"}],"curies":[{"name":"wp","href":"https:\/\/api.w.org\/{rel}","templated":true}]}}